{"id":3851,"date":"2020-04-20T22:28:51","date_gmt":"2020-04-21T02:28:51","guid":{"rendered":"https:\/\/cshs.cwra.org\/?page_id=3851"},"modified":"2025-09-11T08:33:13","modified_gmt":"2025-09-11T12:33:13","slug":"principles-of-hydrological-modelling","status":"publish","type":"page","link":"https:\/\/cshs.cwra.org\/en\/courses\/principles-of-hydrological-modelling\/","title":{"rendered":"Principles of Hydrologic Modelling"},"content":{"rendered":"<div class=\"wpb-content-wrapper\">[vc_row][vc_column][vc_empty_space][\/vc_column][\/vc_row][vc_row][vc_column width=&#8221;1\/4&#8243;][vc_widget_sidebar sidebar_id=&#8221;sidebar-16&#8243;][\/vc_column][vc_column width=&#8221;3\/4&#8243;][vc_column_text css=&#8221;.vc_custom_1711375133851{margin-bottom: 0px !important;}&#8221;]\n<h2>Principles of Hydrological Modelling<\/h2>\n<p>This year offered in French from December 8 to 12, 2025, at the \u00c9cole de technologie sup\u00e9rieure (\u00c9TS) in Montr\u00e9al.<\/p>\n<p>More information and registration available <a href=\"https:\/\/cwra.org\/8-12-decembre-2025-csh-scsh-cours-abrege-sur-les-principes-de-la-modelisation-hydrologique\/upcoming-cshs\/\">here<\/a>.<\/p>\n[\/vc_column_text][\/vc_column][\/vc_row][vc_row][vc_column][vc_empty_space height=&#8221;200px&#8221;][\/vc_column][\/vc_row]\n<\/div>","protected":false},"excerpt":{"rendered":"<p>[vc_row][vc_column][vc_empty_space][\/vc_column][\/vc_row][vc_row][vc_column width=&#8221;1\/4&#8243;][vc_widget_sidebar sidebar_id=&#8221;sidebar-16&#8243;][\/vc_column][vc_column width=&#8221;3\/4&#8243;][vc_column_text css=&#8221;.vc_custom_1711375133851{margin-bottom: 0px !important;}&#8221;] Principles of Hydrological Modelling This year offered in French from December 8 to 12, 2025, at the \u00c9cole de technologie sup\u00e9rieure (\u00c9TS) in Montr\u00e9al. More information and registration available here. [\/vc_column_text][\/vc_column][\/vc_row][vc_row][vc_column][vc_empty_space height=&#8221;200px&#8221;][\/vc_column][\/vc_row]<\/p>\n","protected":false},"author":1624,"featured_media":0,"parent":3765,"menu_order":0,"comment_status":"closed","ping_status":"closed","template":"","meta":{"_acf_changed":false,"om_disable_all_campaigns":false,"rs_blank_template":"","rs_page_bg_color":"","slide_template_v7":"","_monsterinsights_skip_tracking":false,"_monsterinsights_sitenote_active":false,"_monsterinsights_sitenote_note":"","_monsterinsights_sitenote_category":0,"_uf_show_specific_survey":0,"_uf_disable_surveys":false,"footnotes":""},"class_list":["post-3851","page","type-page","status-publish","hentry"],"aioseo_notices":[],"yoast_head":"<!-- This site is optimized with the Yoast SEO plugin v27.5 - https:\/\/yoast.com\/product\/yoast-seo-wordpress\/ -->\n<title>Principles of Hydrologic Modelling - Canadian Society for Hydrological Sciences<\/title>\n<meta name=\"robots\" content=\"index, follow, max-snippet:-1, max-image-preview:large, max-video-preview:-1\" \/>\n<link rel=\"canonical\" href=\"https:\/\/cshs.cwra.org\/en\/courses\/principles-of-hydrological-modelling\/\" \/>\n<meta property=\"og:locale\" content=\"en_US\" \/>\n<meta property=\"og:type\" content=\"article\" \/>\n<meta property=\"og:title\" content=\"Principles of Hydrologic Modelling - Canadian Society for Hydrological Sciences\" \/>\n<meta property=\"og:description\" content=\"[vc_row][vc_column][vc_empty_space][\/vc_column][\/vc_row][vc_row][vc_column width=&#8221;1\/4&#8243;][vc_widget_sidebar sidebar_id=&#8221;sidebar-16&#8243;][\/vc_column][vc_column width=&#8221;3\/4&#8243;][vc_column_text css=&#8221;.vc_custom_1711375133851{margin-bottom: 0px !important;}&#8221;] Principles of Hydrological Modelling This year offered in French from December 8 to 12, 2025, at the \u00c9cole de technologie sup\u00e9rieure (\u00c9TS) in Montr\u00e9al. More information and registration available here. [\/vc_column_text][\/vc_column][\/vc_row][vc_row][vc_column][vc_empty_space height=&#8221;200px&#8221;][\/vc_column][\/vc_row]\" \/>\n<meta property=\"og:url\" content=\"https:\/\/cshs.cwra.org\/en\/courses\/principles-of-hydrological-modelling\/\" \/>\n<meta property=\"og:site_name\" content=\"Canadian Society for Hydrological Sciences\" \/>\n<meta property=\"article:modified_time\" content=\"2025-09-11T12:33:13+00:00\" \/>\n<meta name=\"twitter:card\" content=\"summary_large_image\" \/>\n<meta name=\"twitter:label1\" content=\"Est. reading time\" \/>\n\t<meta name=\"twitter:data1\" content=\"1 minute\" \/>\n<script type=\"application\/ld+json\" class=\"yoast-schema-graph\">{\"@context\":\"https:\\\/\\\/schema.org\",\"@graph\":[{\"@type\":\"WebPage\",\"@id\":\"https:\\\/\\\/cshs.cwra.org\\\/en\\\/courses\\\/principles-of-hydrological-modelling\\\/\",\"url\":\"https:\\\/\\\/cshs.cwra.org\\\/en\\\/courses\\\/principles-of-hydrological-modelling\\\/\",\"name\":\"Principles of Hydrologic Modelling - Canadian Society for Hydrological Sciences\",\"isPartOf\":{\"@id\":\"https:\\\/\\\/cshs.cwra.org\\\/en\\\/#website\"},\"datePublished\":\"2020-04-21T02:28:51+00:00\",\"dateModified\":\"2025-09-11T12:33:13+00:00\",\"breadcrumb\":{\"@id\":\"https:\\\/\\\/cshs.cwra.org\\\/en\\\/courses\\\/principles-of-hydrological-modelling\\\/#breadcrumb\"},\"inLanguage\":\"en-US\",\"potentialAction\":[{\"@type\":\"ReadAction\",\"target\":[\"https:\\\/\\\/cshs.cwra.org\\\/en\\\/courses\\\/principles-of-hydrological-modelling\\\/\"]}]},{\"@type\":\"BreadcrumbList\",\"@id\":\"https:\\\/\\\/cshs.cwra.org\\\/en\\\/courses\\\/principles-of-hydrological-modelling\\\/#breadcrumb\",\"itemListElement\":[{\"@type\":\"ListItem\",\"position\":1,\"name\":\"Home\",\"item\":\"https:\\\/\\\/cshs.cwra.org\\\/en\\\/\"},{\"@type\":\"ListItem\",\"position\":2,\"name\":\"Courses\",\"item\":\"https:\\\/\\\/cshs.cwra.org\\\/en\\\/courses\\\/\"},{\"@type\":\"ListItem\",\"position\":3,\"name\":\"Principles of Hydrologic Modelling\"}]},{\"@type\":\"WebSite\",\"@id\":\"https:\\\/\\\/cshs.cwra.org\\\/en\\\/#website\",\"url\":\"https:\\\/\\\/cshs.cwra.org\\\/en\\\/\",\"name\":\"Canadian Society for Hydrological Sciences\",\"description\":\"\",\"potentialAction\":[{\"@type\":\"SearchAction\",\"target\":{\"@type\":\"EntryPoint\",\"urlTemplate\":\"https:\\\/\\\/cshs.cwra.org\\\/en\\\/?s={search_term_string}\"},\"query-input\":{\"@type\":\"PropertyValueSpecification\",\"valueRequired\":true,\"valueName\":\"search_term_string\"}}],\"inLanguage\":\"en-US\"}]}<\/script>\n<!-- \/ Yoast SEO plugin. -->","yoast_head_json":{"title":"Principles of Hydrologic Modelling - Canadian Society for Hydrological Sciences","robots":{"index":"index","follow":"follow","max-snippet":"max-snippet:-1","max-image-preview":"max-image-preview:large","max-video-preview":"max-video-preview:-1"},"canonical":"https:\/\/cshs.cwra.org\/en\/courses\/principles-of-hydrological-modelling\/","og_locale":"en_US","og_type":"article","og_title":"Principles of Hydrologic Modelling - Canadian Society for Hydrological Sciences","og_description":"[vc_row][vc_column][vc_empty_space][\/vc_column][\/vc_row][vc_row][vc_column width=&#8221;1\/4&#8243;][vc_widget_sidebar sidebar_id=&#8221;sidebar-16&#8243;][\/vc_column][vc_column width=&#8221;3\/4&#8243;][vc_column_text css=&#8221;.vc_custom_1711375133851{margin-bottom: 0px !important;}&#8221;] Principles of Hydrological Modelling This year offered in French from December 8 to 12, 2025, at the \u00c9cole de technologie sup\u00e9rieure (\u00c9TS) in Montr\u00e9al. More information and registration available here. [\/vc_column_text][\/vc_column][\/vc_row][vc_row][vc_column][vc_empty_space height=&#8221;200px&#8221;][\/vc_column][\/vc_row]","og_url":"https:\/\/cshs.cwra.org\/en\/courses\/principles-of-hydrological-modelling\/","og_site_name":"Canadian Society for Hydrological Sciences","article_modified_time":"2025-09-11T12:33:13+00:00","twitter_card":"summary_large_image","twitter_misc":{"Est. reading time":"1 minute"},"schema":{"@context":"https:\/\/schema.org","@graph":[{"@type":"WebPage","@id":"https:\/\/cshs.cwra.org\/en\/courses\/principles-of-hydrological-modelling\/","url":"https:\/\/cshs.cwra.org\/en\/courses\/principles-of-hydrological-modelling\/","name":"Principles of Hydrologic Modelling - Canadian Society for Hydrological Sciences","isPartOf":{"@id":"https:\/\/cshs.cwra.org\/en\/#website"},"datePublished":"2020-04-21T02:28:51+00:00","dateModified":"2025-09-11T12:33:13+00:00","breadcrumb":{"@id":"https:\/\/cshs.cwra.org\/en\/courses\/principles-of-hydrological-modelling\/#breadcrumb"},"inLanguage":"en-US","potentialAction":[{"@type":"ReadAction","target":["https:\/\/cshs.cwra.org\/en\/courses\/principles-of-hydrological-modelling\/"]}]},{"@type":"BreadcrumbList","@id":"https:\/\/cshs.cwra.org\/en\/courses\/principles-of-hydrological-modelling\/#breadcrumb","itemListElement":[{"@type":"ListItem","position":1,"name":"Home","item":"https:\/\/cshs.cwra.org\/en\/"},{"@type":"ListItem","position":2,"name":"Courses","item":"https:\/\/cshs.cwra.org\/en\/courses\/"},{"@type":"ListItem","position":3,"name":"Principles of Hydrologic Modelling"}]},{"@type":"WebSite","@id":"https:\/\/cshs.cwra.org\/en\/#website","url":"https:\/\/cshs.cwra.org\/en\/","name":"Canadian Society for Hydrological Sciences","description":"","potentialAction":[{"@type":"SearchAction","target":{"@type":"EntryPoint","urlTemplate":"https:\/\/cshs.cwra.org\/en\/?s={search_term_string}"},"query-input":{"@type":"PropertyValueSpecification","valueRequired":true,"valueName":"search_term_string"}}],"inLanguage":"en-US"}]}},"acf":[],"_links":{"self":[{"href":"https:\/\/cshs.cwra.org\/en\/wp-json\/wp\/v2\/pages\/3851","targetHints":{"allow":["GET"]}}],"collection":[{"href":"https:\/\/cshs.cwra.org\/en\/wp-json\/wp\/v2\/pages"}],"about":[{"href":"https:\/\/cshs.cwra.org\/en\/wp-json\/wp\/v2\/types\/page"}],"author":[{"embeddable":true,"href":"https:\/\/cshs.cwra.org\/en\/wp-json\/wp\/v2\/users\/1624"}],"replies":[{"embeddable":true,"href":"https:\/\/cshs.cwra.org\/en\/wp-json\/wp\/v2\/comments?post=3851"}],"version-history":[{"count":9,"href":"https:\/\/cshs.cwra.org\/en\/wp-json\/wp\/v2\/pages\/3851\/revisions"}],"predecessor-version":[{"id":5060,"href":"https:\/\/cshs.cwra.org\/en\/wp-json\/wp\/v2\/pages\/3851\/revisions\/5060"}],"up":[{"embeddable":true,"href":"https:\/\/cshs.cwra.org\/en\/wp-json\/wp\/v2\/pages\/3765"}],"wp:attachment":[{"href":"https:\/\/cshs.cwra.org\/en\/wp-json\/wp\/v2\/media?parent=3851"}],"curies":[{"name":"wp","href":"https:\/\/api.w.org\/{rel}","templated":true}]}}