{"id":4307,"date":"2021-10-13T17:09:06","date_gmt":"2021-10-13T21:09:06","guid":{"rendered":"https:\/\/cshs.cwra.org\/home\/"},"modified":"2025-08-21T08:44:14","modified_gmt":"2025-08-21T12:44:14","slug":"home","status":"publish","type":"page","link":"https:\/\/cshs.cwra.org\/fr\/","title":{"rendered":"Home"},"content":{"rendered":"<div class=\"wpb-content-wrapper\">[vc_row][vc_column][mk_revslider id=\u00a0\u00bbhomepageslider_en\u00a0\u00bb][\/vc_column][\/vc_row][vc_row][vc_column width=\u00a0\u00bb2\/3&Prime;][vc_column_text css=\u00a0\u00bb.vc_custom_1700844574823{margin-bottom: 0px !important;}\u00a0\u00bb]\n<p>La Soci\u00e9t\u00e9 canadienne des sciences hydrologiques (SCSH) est une soci\u00e9t\u00e9 affili\u00e9e \u00e0 l&rsquo;ACRH. Sa mission est de promouvoir la science de l&rsquo;hydrologie et sa bonne application dans la gestion efficace de l&rsquo;eau. La SCSH \u00e9tablit le lien entre la recherche et la pratique en hydrologie par l&rsquo;organisation de formations sp\u00e9cialis\u00e9es en partenariat avec les universit\u00e9s. La soci\u00e9t\u00e9 m\u00e8ne \u00e9galement un certain nombre d&rsquo;initiatives \u00e0 l&rsquo;appui de la communaut\u00e9 hydrologique au Canada.<\/p>\n[\/vc_column_text][mk_padding_divider][mk_padding_divider][\/vc_column][vc_column width=\u00a0\u00bb1\/3&Prime;][vc_column_text css=\u00a0\u00bb.vc_custom_1700844593736{margin-bottom: 0px !important;}\u00a0\u00bb]\n<p style=\"text-align: center\"><strong>Inscrivez-vous \u00e0 notre bulletin<\/strong><\/p>\n[mk_button dimension=\u00a0\u00bbflat\u00a0\u00bb corner_style=\u00a0\u00bbfull_rounded\u00a0\u00bb size=\u00a0\u00bbmedium\u00a0\u00bb url=\u00a0\u00bbhttp:\/\/eepurl.com\/gATuPL\u00a0\u00bb align=\u00a0\u00bbcenter\u00a0\u00bb]Rejoignez notre liste de diffusion[\/mk_button][vc_row][vc_column][vc_column_text css=\u00a0\u00bb.vc_custom_1621613350723{margin-bottom: 0px !important;}\u00a0\u00bb]\n<p style=\"text-align: center\"><strong>Branchez-vous \u00e0 notre r\u00e9seau LinkedIn<\/strong><\/p>\n[\/vc_column_text][mk_social_networks size=\u00a0\u00bblarge\u00a0\u00bb style=\u00a0\u00bbsquare-rounded\u00a0\u00bb border_color=\u00a0\u00bb#1e73be\u00a0\u00bb bg_color=\u00a0\u00bb#1e73be\u00a0\u00bb icon_color=\u00a0\u00bb#ffffff\u00a0\u00bb align=\u00a0\u00bbcenter\u00a0\u00bb linkedin=\u00a0\u00bbhttps:\/\/www.linkedin.com\/groups\/9105549\/\u00a0\u00bb][\/vc_column][\/vc_row][vc_row][vc_column][mk_padding_divider size=\u00a0\u00bb262&Prime;][\/vc_column][\/vc_row]\n<\/div>","protected":false},"excerpt":{"rendered":"<p>[vc_row][vc_column][mk_revslider id=\u00a0\u00bbhomepageslider_en\u00a0\u00bb][\/vc_column][\/vc_row][vc_row][vc_column width=\u00a0\u00bb2\/3&Prime;][vc_column_text css=\u00a0\u00bb.vc_custom_1700844574823{margin-bottom: 0px !important;}\u00a0\u00bb] La Soci\u00e9t\u00e9 canadienne des sciences hydrologiques (SCSH) est une soci\u00e9t\u00e9 affili\u00e9e \u00e0 l&rsquo;ACRH. Sa mission est de promouvoir la science de l&rsquo;hydrologie et sa bonne application dans la gestion efficace de l&rsquo;eau. La SCSH \u00e9tablit le lien entre la recherche et la pratique en hydrologie par l&rsquo;organisation de formations [&hellip;]<\/p>\n","protected":false},"author":2,"featured_media":0,"parent":0,"menu_order":0,"comment_status":"closed","ping_status":"closed","template":"","meta":{"_acf_changed":false,"om_disable_all_campaigns":false,"rs_blank_template":"","rs_page_bg_color":"","slide_template_v7":"","_monsterinsights_skip_tracking":false,"_monsterinsights_sitenote_active":false,"_monsterinsights_sitenote_note":"","_monsterinsights_sitenote_category":0,"_uf_show_specific_survey":0,"_uf_disable_surveys":false,"footnotes":""},"class_list":["post-4307","page","type-page","status-publish","hentry"],"aioseo_notices":[],"yoast_head":"<!-- This site is optimized with the Yoast SEO plugin v27.5 - https:\/\/yoast.com\/product\/yoast-seo-wordpress\/ -->\n<title>Home - Canadian Society for Hydrological Sciences<\/title>\n<meta name=\"description\" content=\"La Soci\u00e9t\u00e9 canadienne des sciences hydrologiques (SCSH) est une soci\u00e9t\u00e9 affili\u00e9e \u00e0 l&#039;ACRH dont la mission est de promouvoir la science de l&#039;hydrologie et son application judicieuse dans la gestion efficace de l&#039;eau.\" \/>\n<meta name=\"robots\" content=\"index, follow, max-snippet:-1, max-image-preview:large, max-video-preview:-1\" \/>\n<link rel=\"canonical\" href=\"https:\/\/cshs.cwra.org\/fr\/\" \/>\n<meta property=\"og:locale\" content=\"fr_FR\" \/>\n<meta property=\"og:type\" content=\"article\" \/>\n<meta property=\"og:title\" content=\"Home - Canadian Society for Hydrological Sciences\" \/>\n<meta property=\"og:description\" content=\"La Soci\u00e9t\u00e9 canadienne des sciences hydrologiques (SCSH) est une soci\u00e9t\u00e9 affili\u00e9e \u00e0 l&#039;ACRH dont la mission est de promouvoir la science de l&#039;hydrologie et son application judicieuse dans la gestion efficace de l&#039;eau.\" \/>\n<meta property=\"og:url\" content=\"https:\/\/cshs.cwra.org\/fr\/\" \/>\n<meta property=\"og:site_name\" content=\"Canadian Society for Hydrological Sciences\" \/>\n<meta property=\"article:modified_time\" content=\"2025-08-21T12:44:14+00:00\" \/>\n<meta name=\"twitter:card\" content=\"summary_large_image\" \/>\n<meta name=\"twitter:label1\" content=\"Dur\u00e9e de lecture estim\u00e9e\" \/>\n\t<meta name=\"twitter:data1\" content=\"1 minute\" \/>\n<script type=\"application\/ld+json\" class=\"yoast-schema-graph\">{\"@context\":\"https:\\\/\\\/schema.org\",\"@graph\":[{\"@type\":\"WebPage\",\"@id\":\"https:\\\/\\\/cshs.cwra.org\\\/fr\\\/\",\"url\":\"https:\\\/\\\/cshs.cwra.org\\\/fr\\\/\",\"name\":\"Home - Canadian Society for Hydrological Sciences\",\"isPartOf\":{\"@id\":\"https:\\\/\\\/cshs.cwra.org\\\/en\\\/#website\"},\"datePublished\":\"2021-10-13T21:09:06+00:00\",\"dateModified\":\"2025-08-21T12:44:14+00:00\",\"description\":\"La Soci\u00e9t\u00e9 canadienne des sciences hydrologiques (SCSH) est une soci\u00e9t\u00e9 affili\u00e9e \u00e0 l'ACRH dont la mission est de promouvoir la science de l'hydrologie et son application judicieuse dans la gestion efficace de l'eau.\",\"breadcrumb\":{\"@id\":\"https:\\\/\\\/cshs.cwra.org\\\/fr\\\/#breadcrumb\"},\"inLanguage\":\"fr-FR\",\"potentialAction\":[{\"@type\":\"ReadAction\",\"target\":[\"https:\\\/\\\/cshs.cwra.org\\\/fr\\\/\"]}]},{\"@type\":\"BreadcrumbList\",\"@id\":\"https:\\\/\\\/cshs.cwra.org\\\/fr\\\/#breadcrumb\",\"itemListElement\":[{\"@type\":\"ListItem\",\"position\":1,\"name\":\"Home\",\"item\":\"https:\\\/\\\/cshs.cwra.org\\\/fr\\\/\"},{\"@type\":\"ListItem\",\"position\":2,\"name\":\"Home\"}]},{\"@type\":\"WebSite\",\"@id\":\"https:\\\/\\\/cshs.cwra.org\\\/en\\\/#website\",\"url\":\"https:\\\/\\\/cshs.cwra.org\\\/en\\\/\",\"name\":\"Canadian Society for Hydrological Sciences\",\"description\":\"\",\"potentialAction\":[{\"@type\":\"SearchAction\",\"target\":{\"@type\":\"EntryPoint\",\"urlTemplate\":\"https:\\\/\\\/cshs.cwra.org\\\/en\\\/?s={search_term_string}\"},\"query-input\":{\"@type\":\"PropertyValueSpecification\",\"valueRequired\":true,\"valueName\":\"search_term_string\"}}],\"inLanguage\":\"fr-FR\"}]}<\/script>\n<!-- \/ Yoast SEO plugin. -->","yoast_head_json":{"title":"Home - Canadian Society for Hydrological Sciences","description":"La Soci\u00e9t\u00e9 canadienne des sciences hydrologiques (SCSH) est une soci\u00e9t\u00e9 affili\u00e9e \u00e0 l'ACRH dont la mission est de promouvoir la science de l'hydrologie et son application judicieuse dans la gestion efficace de l'eau.","robots":{"index":"index","follow":"follow","max-snippet":"max-snippet:-1","max-image-preview":"max-image-preview:large","max-video-preview":"max-video-preview:-1"},"canonical":"https:\/\/cshs.cwra.org\/fr\/","og_locale":"fr_FR","og_type":"article","og_title":"Home - Canadian Society for Hydrological Sciences","og_description":"La Soci\u00e9t\u00e9 canadienne des sciences hydrologiques (SCSH) est une soci\u00e9t\u00e9 affili\u00e9e \u00e0 l'ACRH dont la mission est de promouvoir la science de l'hydrologie et son application judicieuse dans la gestion efficace de l'eau.","og_url":"https:\/\/cshs.cwra.org\/fr\/","og_site_name":"Canadian Society for Hydrological Sciences","article_modified_time":"2025-08-21T12:44:14+00:00","twitter_card":"summary_large_image","twitter_misc":{"Dur\u00e9e de lecture estim\u00e9e":"1 minute"},"schema":{"@context":"https:\/\/schema.org","@graph":[{"@type":"WebPage","@id":"https:\/\/cshs.cwra.org\/fr\/","url":"https:\/\/cshs.cwra.org\/fr\/","name":"Home - Canadian Society for Hydrological Sciences","isPartOf":{"@id":"https:\/\/cshs.cwra.org\/en\/#website"},"datePublished":"2021-10-13T21:09:06+00:00","dateModified":"2025-08-21T12:44:14+00:00","description":"La Soci\u00e9t\u00e9 canadienne des sciences hydrologiques (SCSH) est une soci\u00e9t\u00e9 affili\u00e9e \u00e0 l'ACRH dont la mission est de promouvoir la science de l'hydrologie et son application judicieuse dans la gestion efficace de l'eau.","breadcrumb":{"@id":"https:\/\/cshs.cwra.org\/fr\/#breadcrumb"},"inLanguage":"fr-FR","potentialAction":[{"@type":"ReadAction","target":["https:\/\/cshs.cwra.org\/fr\/"]}]},{"@type":"BreadcrumbList","@id":"https:\/\/cshs.cwra.org\/fr\/#breadcrumb","itemListElement":[{"@type":"ListItem","position":1,"name":"Home","item":"https:\/\/cshs.cwra.org\/fr\/"},{"@type":"ListItem","position":2,"name":"Home"}]},{"@type":"WebSite","@id":"https:\/\/cshs.cwra.org\/en\/#website","url":"https:\/\/cshs.cwra.org\/en\/","name":"Canadian Society for Hydrological Sciences","description":"","potentialAction":[{"@type":"SearchAction","target":{"@type":"EntryPoint","urlTemplate":"https:\/\/cshs.cwra.org\/en\/?s={search_term_string}"},"query-input":{"@type":"PropertyValueSpecification","valueRequired":true,"valueName":"search_term_string"}}],"inLanguage":"fr-FR"}]}},"acf":[],"_links":{"self":[{"href":"https:\/\/cshs.cwra.org\/fr\/wp-json\/wp\/v2\/pages\/4307","targetHints":{"allow":["GET"]}}],"collection":[{"href":"https:\/\/cshs.cwra.org\/fr\/wp-json\/wp\/v2\/pages"}],"about":[{"href":"https:\/\/cshs.cwra.org\/fr\/wp-json\/wp\/v2\/types\/page"}],"author":[{"embeddable":true,"href":"https:\/\/cshs.cwra.org\/fr\/wp-json\/wp\/v2\/users\/2"}],"replies":[{"embeddable":true,"href":"https:\/\/cshs.cwra.org\/fr\/wp-json\/wp\/v2\/comments?post=4307"}],"version-history":[{"count":6,"href":"https:\/\/cshs.cwra.org\/fr\/wp-json\/wp\/v2\/pages\/4307\/revisions"}],"predecessor-version":[{"id":5055,"href":"https:\/\/cshs.cwra.org\/fr\/wp-json\/wp\/v2\/pages\/4307\/revisions\/5055"}],"wp:attachment":[{"href":"https:\/\/cshs.cwra.org\/fr\/wp-json\/wp\/v2\/media?parent=4307"}],"curies":[{"name":"wp","href":"https:\/\/api.w.org\/{rel}","templated":true}]}}