{"id":4395,"date":"2021-10-14T17:11:12","date_gmt":"2021-10-14T21:11:12","guid":{"rendered":"https:\/\/cshs.cwra.org\/webinaires\/"},"modified":"2023-10-13T21:22:19","modified_gmt":"2023-10-14T01:22:19","slug":"webinaires","status":"publish","type":"page","link":"https:\/\/cshs.cwra.org\/fr\/webinaires\/","title":{"rendered":"Webinaires et ateliers"},"content":{"rendered":"<div class=\"wpb-content-wrapper\">[vc_row][vc_column][vc_empty_space][\/vc_column][\/vc_row][vc_row][vc_column][vc_column_text css=\u00a0\u00bb.vc_custom_1587517913399{margin-bottom: 0px !important;}\u00a0\u00bb]\n<h2>Webinaires \u00e0 venir<\/h2>\n[\/vc_column_text][\/vc_column][\/vc_row][vc_row][vc_column][mk_blog cat=\u00a0\u00bb35&Prime;][\/vc_column][vc_column][vc_separator][vc_column_text css=\u00a0\u00bb.vc_custom_1669061972858{margin-bottom: 0px !important;}\u00a0\u00bb]\n<h3>Int\u00e9ress\u00e9s \u00e0 faire une pr\u00e9sentation lors d&rsquo;un webinaire de la SCHS ?<\/h3>\n<p>La SCHS est toujours \u00e0 la recherche de conf\u00e9renciers\/conf\u00e9renci\u00e8res int\u00e9ress\u00e9(e)s \u00e0 partager leurs travaux ou leurs id\u00e9es sur l&rsquo;hydrologie. Contactez-nous et nous ferons le suivi.[\/vc_column_text][vc_separator][\/vc_column][\/vc_row][vc_row][vc_column][vc_column_text css=\u00a0\u00bb.vc_custom_1669061960890{margin-bottom: 0px !important;}\u00a0\u00bb]\n<h2>Webinaires et ateliers archiv\u00e9s<\/h2>\n[\/vc_column_text][\/vc_column][\/vc_row][vc_row][vc_column][mk_blog cat=\u00a0\u00bb36&Prime;][\/vc_column][\/vc_row][vc_row][vc_column][vc_empty_space height=\u00a0\u00bb200px\u00a0\u00bb][\/vc_column][\/vc_row]\n<\/div>","protected":false},"excerpt":{"rendered":"<p>[vc_row][vc_column][vc_empty_space][\/vc_column][\/vc_row][vc_row][vc_column][vc_column_text css=\u00a0\u00bb.vc_custom_1587517913399{margin-bottom: 0px !important;}\u00a0\u00bb] Webinaires \u00e0 venir [\/vc_column_text][\/vc_column][\/vc_row][vc_row][vc_column][mk_blog cat=\u00a0\u00bb35&Prime;][\/vc_column][vc_column][vc_separator][vc_column_text css=\u00a0\u00bb.vc_custom_1669061972858{margin-bottom: 0px !important;}\u00a0\u00bb] Int\u00e9ress\u00e9s \u00e0 faire une pr\u00e9sentation lors d&rsquo;un webinaire de la SCHS ? La SCHS est toujours \u00e0 la recherche de conf\u00e9renciers\/conf\u00e9renci\u00e8res int\u00e9ress\u00e9(e)s \u00e0 partager leurs travaux ou leurs id\u00e9es sur l&rsquo;hydrologie. Contactez-nous et nous ferons le suivi.[\/vc_column_text][vc_separator][\/vc_column][\/vc_row][vc_row][vc_column][vc_column_text css=\u00a0\u00bb.vc_custom_1669061960890{margin-bottom: 0px !important;}\u00a0\u00bb] Webinaires et ateliers [&hellip;]<\/p>\n","protected":false},"author":1624,"featured_media":0,"parent":0,"menu_order":0,"comment_status":"closed","ping_status":"closed","template":"","meta":{"_acf_changed":false,"om_disable_all_campaigns":false,"rs_blank_template":"","rs_page_bg_color":"","slide_template_v7":"","_monsterinsights_skip_tracking":false,"_monsterinsights_sitenote_active":false,"_monsterinsights_sitenote_note":"","_monsterinsights_sitenote_category":0,"_uf_show_specific_survey":0,"_uf_disable_surveys":false,"footnotes":""},"class_list":["post-4395","page","type-page","status-publish","hentry"],"aioseo_notices":[],"yoast_head":"<!-- This site is optimized with the Yoast SEO plugin v27.6 - https:\/\/yoast.com\/product\/yoast-seo-wordpress\/ -->\n<title>Webinaires et ateliers - Canadian Society for Hydrological Sciences<\/title>\n<meta name=\"robots\" content=\"index, follow, max-snippet:-1, max-image-preview:large, max-video-preview:-1\" \/>\n<link rel=\"canonical\" href=\"https:\/\/cshs.cwra.org\/fr\/webinaires\/\" \/>\n<meta property=\"og:locale\" content=\"fr_FR\" \/>\n<meta property=\"og:type\" content=\"article\" \/>\n<meta property=\"og:title\" content=\"Webinaires et ateliers - Canadian Society for Hydrological Sciences\" \/>\n<meta property=\"og:description\" content=\"[vc_row][vc_column][vc_empty_space][\/vc_column][\/vc_row][vc_row][vc_column][vc_column_text css=\u00a0\u00bb.vc_custom_1587517913399{margin-bottom: 0px !important;}\u00a0\u00bb] Webinaires \u00e0 venir [\/vc_column_text][\/vc_column][\/vc_row][vc_row][vc_column][mk_blog cat=\u00a0\u00bb35&Prime;][\/vc_column][vc_column][vc_separator][vc_column_text css=\u00a0\u00bb.vc_custom_1669061972858{margin-bottom: 0px !important;}\u00a0\u00bb] Int\u00e9ress\u00e9s \u00e0 faire une pr\u00e9sentation lors d&rsquo;un webinaire de la SCHS ? La SCHS est toujours \u00e0 la recherche de conf\u00e9renciers\/conf\u00e9renci\u00e8res int\u00e9ress\u00e9(e)s \u00e0 partager leurs travaux ou leurs id\u00e9es sur l&rsquo;hydrologie. Contactez-nous et nous ferons le suivi.[\/vc_column_text][vc_separator][\/vc_column][\/vc_row][vc_row][vc_column][vc_column_text css=\u00a0\u00bb.vc_custom_1669061960890{margin-bottom: 0px !important;}\u00a0\u00bb] Webinaires et ateliers [&hellip;]\" \/>\n<meta property=\"og:url\" content=\"https:\/\/cshs.cwra.org\/fr\/webinaires\/\" \/>\n<meta property=\"og:site_name\" content=\"Canadian Society for Hydrological Sciences\" \/>\n<meta property=\"article:modified_time\" content=\"2023-10-14T01:22:19+00:00\" \/>\n<meta name=\"twitter:card\" content=\"summary_large_image\" \/>\n<meta name=\"twitter:label1\" content=\"Dur\u00e9e de lecture estim\u00e9e\" \/>\n\t<meta name=\"twitter:data1\" content=\"1 minute\" \/>\n<script type=\"application\/ld+json\" class=\"yoast-schema-graph\">{\"@context\":\"https:\\\/\\\/schema.org\",\"@graph\":[{\"@type\":\"WebPage\",\"@id\":\"https:\\\/\\\/cshs.cwra.org\\\/fr\\\/webinaires\\\/\",\"url\":\"https:\\\/\\\/cshs.cwra.org\\\/fr\\\/webinaires\\\/\",\"name\":\"Webinaires et ateliers - Canadian Society for Hydrological Sciences\",\"isPartOf\":{\"@id\":\"https:\\\/\\\/cshs.cwra.org\\\/en\\\/#website\"},\"datePublished\":\"2021-10-14T21:11:12+00:00\",\"dateModified\":\"2023-10-14T01:22:19+00:00\",\"breadcrumb\":{\"@id\":\"https:\\\/\\\/cshs.cwra.org\\\/fr\\\/webinaires\\\/#breadcrumb\"},\"inLanguage\":\"fr-FR\",\"potentialAction\":[{\"@type\":\"ReadAction\",\"target\":[\"https:\\\/\\\/cshs.cwra.org\\\/fr\\\/webinaires\\\/\"]}]},{\"@type\":\"BreadcrumbList\",\"@id\":\"https:\\\/\\\/cshs.cwra.org\\\/fr\\\/webinaires\\\/#breadcrumb\",\"itemListElement\":[{\"@type\":\"ListItem\",\"position\":1,\"name\":\"Home\",\"item\":\"https:\\\/\\\/cshs.cwra.org\\\/fr\\\/\"},{\"@type\":\"ListItem\",\"position\":2,\"name\":\"Webinaires et ateliers\"}]},{\"@type\":\"WebSite\",\"@id\":\"https:\\\/\\\/cshs.cwra.org\\\/en\\\/#website\",\"url\":\"https:\\\/\\\/cshs.cwra.org\\\/en\\\/\",\"name\":\"Canadian Society for Hydrological Sciences\",\"description\":\"\",\"potentialAction\":[{\"@type\":\"SearchAction\",\"target\":{\"@type\":\"EntryPoint\",\"urlTemplate\":\"https:\\\/\\\/cshs.cwra.org\\\/en\\\/?s={search_term_string}\"},\"query-input\":{\"@type\":\"PropertyValueSpecification\",\"valueRequired\":true,\"valueName\":\"search_term_string\"}}],\"inLanguage\":\"fr-FR\"}]}<\/script>\n<!-- \/ Yoast SEO plugin. -->","yoast_head_json":{"title":"Webinaires et ateliers - Canadian Society for Hydrological Sciences","robots":{"index":"index","follow":"follow","max-snippet":"max-snippet:-1","max-image-preview":"max-image-preview:large","max-video-preview":"max-video-preview:-1"},"canonical":"https:\/\/cshs.cwra.org\/fr\/webinaires\/","og_locale":"fr_FR","og_type":"article","og_title":"Webinaires et ateliers - Canadian Society for Hydrological Sciences","og_description":"[vc_row][vc_column][vc_empty_space][\/vc_column][\/vc_row][vc_row][vc_column][vc_column_text css=\u00a0\u00bb.vc_custom_1587517913399{margin-bottom: 0px !important;}\u00a0\u00bb] Webinaires \u00e0 venir [\/vc_column_text][\/vc_column][\/vc_row][vc_row][vc_column][mk_blog cat=\u00a0\u00bb35&Prime;][\/vc_column][vc_column][vc_separator][vc_column_text css=\u00a0\u00bb.vc_custom_1669061972858{margin-bottom: 0px !important;}\u00a0\u00bb] Int\u00e9ress\u00e9s \u00e0 faire une pr\u00e9sentation lors d&rsquo;un webinaire de la SCHS ? La SCHS est toujours \u00e0 la recherche de conf\u00e9renciers\/conf\u00e9renci\u00e8res int\u00e9ress\u00e9(e)s \u00e0 partager leurs travaux ou leurs id\u00e9es sur l&rsquo;hydrologie. Contactez-nous et nous ferons le suivi.[\/vc_column_text][vc_separator][\/vc_column][\/vc_row][vc_row][vc_column][vc_column_text css=\u00a0\u00bb.vc_custom_1669061960890{margin-bottom: 0px !important;}\u00a0\u00bb] Webinaires et ateliers [&hellip;]","og_url":"https:\/\/cshs.cwra.org\/fr\/webinaires\/","og_site_name":"Canadian Society for Hydrological Sciences","article_modified_time":"2023-10-14T01:22:19+00:00","twitter_card":"summary_large_image","twitter_misc":{"Dur\u00e9e de lecture estim\u00e9e":"1 minute"},"schema":{"@context":"https:\/\/schema.org","@graph":[{"@type":"WebPage","@id":"https:\/\/cshs.cwra.org\/fr\/webinaires\/","url":"https:\/\/cshs.cwra.org\/fr\/webinaires\/","name":"Webinaires et ateliers - Canadian Society for Hydrological Sciences","isPartOf":{"@id":"https:\/\/cshs.cwra.org\/en\/#website"},"datePublished":"2021-10-14T21:11:12+00:00","dateModified":"2023-10-14T01:22:19+00:00","breadcrumb":{"@id":"https:\/\/cshs.cwra.org\/fr\/webinaires\/#breadcrumb"},"inLanguage":"fr-FR","potentialAction":[{"@type":"ReadAction","target":["https:\/\/cshs.cwra.org\/fr\/webinaires\/"]}]},{"@type":"BreadcrumbList","@id":"https:\/\/cshs.cwra.org\/fr\/webinaires\/#breadcrumb","itemListElement":[{"@type":"ListItem","position":1,"name":"Home","item":"https:\/\/cshs.cwra.org\/fr\/"},{"@type":"ListItem","position":2,"name":"Webinaires et ateliers"}]},{"@type":"WebSite","@id":"https:\/\/cshs.cwra.org\/en\/#website","url":"https:\/\/cshs.cwra.org\/en\/","name":"Canadian Society for Hydrological Sciences","description":"","potentialAction":[{"@type":"SearchAction","target":{"@type":"EntryPoint","urlTemplate":"https:\/\/cshs.cwra.org\/en\/?s={search_term_string}"},"query-input":{"@type":"PropertyValueSpecification","valueRequired":true,"valueName":"search_term_string"}}],"inLanguage":"fr-FR"}]}},"acf":[],"_links":{"self":[{"href":"https:\/\/cshs.cwra.org\/fr\/wp-json\/wp\/v2\/pages\/4395","targetHints":{"allow":["GET"]}}],"collection":[{"href":"https:\/\/cshs.cwra.org\/fr\/wp-json\/wp\/v2\/pages"}],"about":[{"href":"https:\/\/cshs.cwra.org\/fr\/wp-json\/wp\/v2\/types\/page"}],"author":[{"embeddable":true,"href":"https:\/\/cshs.cwra.org\/fr\/wp-json\/wp\/v2\/users\/1624"}],"replies":[{"embeddable":true,"href":"https:\/\/cshs.cwra.org\/fr\/wp-json\/wp\/v2\/comments?post=4395"}],"version-history":[{"count":5,"href":"https:\/\/cshs.cwra.org\/fr\/wp-json\/wp\/v2\/pages\/4395\/revisions"}],"predecessor-version":[{"id":4839,"href":"https:\/\/cshs.cwra.org\/fr\/wp-json\/wp\/v2\/pages\/4395\/revisions\/4839"}],"wp:attachment":[{"href":"https:\/\/cshs.cwra.org\/fr\/wp-json\/wp\/v2\/media?parent=4395"}],"curies":[{"name":"wp","href":"https:\/\/api.w.org\/{rel}","templated":true}]}}