{"id":4428,"date":"2021-10-20T10:48:39","date_gmt":"2021-10-20T14:48:39","guid":{"rendered":"https:\/\/cshs.cwra.org\/contact-2\/"},"modified":"2023-10-13T21:24:57","modified_gmt":"2023-10-14T01:24:57","slug":"contact-2","status":"publish","type":"page","link":"https:\/\/cshs.cwra.org\/fr\/contact-2\/","title":{"rendered":"Contact"},"content":{"rendered":"<div class=\"wpb-content-wrapper\">[vc_row][vc_column][vc_empty_space][\/vc_column][\/vc_row][vc_row][vc_column][vc_column_text css=\u00a0\u00bb.vc_custom_1587520175370{margin-bottom: 0px !important;}\u00a0\u00bb]\n<strong>Vous avez des questions, des id\u00e9es ou des commentaires ?<\/strong><\/p>\n<h5>Veuillez nous envoyer un courriel: cshs <em>\u00e0<\/em> cwra.ca<\/h5>\n[\/vc_column_text][\/vc_column][\/vc_row][vc_row][vc_column][vc_empty_space][\/vc_column][\/vc_row][vc_row][vc_column][vc_column_text css=\u00a0\u00bb.vc_custom_1587520183550{margin-bottom: 0px !important;}\u00a0\u00bb]\n<strong>Vous souhaitez \u00eatre inform\u00e9 des prochains webinaires, ateliers et cours ?<\/strong><br \/>\n[\/vc_column_text][mk_button dimension=\u00a0\u00bbflat\u00a0\u00bb corner_style=\u00a0\u00bbfull_rounded\u00a0\u00bb size=\u00a0\u00bbmedium\u00a0\u00bb url=\u00a0\u00bbhttp:\/\/eepurl.com\/gATuPL\u00a0\u00bb align=\u00a0\u00bbcenter\u00a0\u00bb]Rejoignez notre liste de diffusion[\/mk_button][\/vc_column][\/vc_row][vc_row][vc_column][vc_empty_space][\/vc_column][\/vc_row][vc_row][vc_column][vc_column_text css=\u00a0\u00bb.vc_custom_1621613350723{margin-bottom: 0px !important;}\u00a0\u00bb]\n<div class=\" vc_custom_1569943436373\">\n<div id=\"text-block-43\" class=\"mk-text-block \">\n<h4>Soyez impliqu\u00e9<\/h4>\n<div class=\"clearboth\">La SCSH est toujours \u00e0 la recherche de b\u00e9n\u00e9voles pour l&rsquo;aider dans ses nombreuses initiatives. Si vous souhaitez obtenir plus d&rsquo;informations sur la fa\u00e7on dont vous pouvez vous impliquer, veuillez nous contacter au lien ci-dessous. Voici quelques-unes des initiatives auxquelles vous pouvez participer :<\/div>\n<\/div>\n<\/div>\n<div class=\" vc_custom_1569944343664\">\n<div id=\"text-block-44\" class=\"mk-text-block \">\n<ul>\n<li>rejoindre le groupe R hydRology pour \u00e9crire, tester et utiliser des fonctions R \u00e9crites pour les hydrologues canadiens<\/li>\n<li>aider \u00e0 l&rsquo;organisation de la conf\u00e9rence annuelle de juin (r\u00e9vision des articles, demandes de bourses, organisation de sessions)<\/li>\n<li>se porter volontaire pour assister \u00e0 l&rsquo;un des nombreux cours que la SCSH co-organise<\/li>\n<li>maintenir notre site web \u00e0 jour<\/li>\n<\/ul>\n<\/div>\n<p>Les statuts de la SCSH peuvent \u00eatre consult\u00e9s <a href=\"https:\/\/drive.google.com\/file\/d\/1fttXd0f-NxgJ3Tw4-olIJjhMZjCCR9Wp\/view?usp=sharing\">ici<\/a>.<\/p>\n<\/div>\n[\/vc_column_text][mk_padding_divider][\/vc_column][\/vc_row][vc_row][vc_column][vc_column_text css=\u00a0\u00bb.vc_custom_1587600791335{margin-bottom: 0px !important;}\u00a0\u00bb]\nEx\u00e9cutif<br \/>\n[\/vc_column_text][vc_row_inner is_fullwidth_content=\u00a0\u00bbfalse\u00a0\u00bb][vc_column_inner width=\u00a0\u00bb1\/4&Prime;][vc_column_text css=\u00a0\u00bb.vc_custom_1623352759118{margin-bottom: 0px !important;}\u00a0\u00bb]\n<h5>Pr\u00e9sident<\/h5>\n<p>James Craig<br \/>\nUniversity of Waterloo[\/vc_column_text][\/vc_column_inner][vc_column_inner width=\u00a0\u00bb1\/4&Prime;][vc_column_text css=\u00a0\u00bb.vc_custom_1623352788682{margin-bottom: 0px !important;}\u00a0\u00bb]\n<h5>Vice-presidente<\/h5>\n<p>Amber Penner<br \/>\nManitoba Infrastructure and Transportation[\/vc_column_text][\/vc_column_inner][vc_column_inner width=\u00a0\u00bb1\/4&Prime;][vc_column_text css=\u00a0\u00bb.vc_custom_1680713013262{margin-bottom: 0px !important;}\u00a0\u00bb]\n<h5>Directrice des Communications<\/h5>\n<p>Alexandra Lavictoire<br \/>\nLake of the Woods Control Board[\/vc_column_text][\/vc_column_inner][vc_column_inner width=\u00a0\u00bb1\/4&Prime;][vc_column_text css=\u00a0\u00bb.vc_custom_1680713030530{margin-bottom: 0px !important;}\u00a0\u00bb]\n<h5>Secr\u00e9taire<\/h5>\n<p>Jennifer Pellerin<br \/>\nEnvironment et Changement Climatique Canada[\/vc_column_text][\/vc_column_inner][\/vc_row_inner][vc_row_inner is_fullwidth_content=\u00a0\u00bbfalse\u00a0\u00bb][vc_column_inner][vc_column_text css=\u00a0\u00bb.vc_custom_1587600734059{margin-bottom: 0px !important;}\u00a0\u00bb]\n<h5>Membres non d\u00e9sign\u00e9s<\/h5>\n[\/vc_column_text][\/vc_column_inner][\/vc_row_inner][vc_row_inner is_fullwidth_content=\u00a0\u00bbfalse\u00a0\u00bb][vc_column_inner width=\u00a0\u00bb1\/5&Prime;][vc_column_text css=\u00a0\u00bb.vc_custom_1569941336685{margin-bottom: 0px !important;}\u00a0\u00bb]\n<p>Tricia Stadnyk<br \/>\nUniversity of Calgary[\/vc_column_text][\/vc_column_inner][vc_column_inner width=\u00a0\u00bb1\/5&Prime;][vc_column_text css=\u00a0\u00bb.vc_custom_1623353008989{margin-bottom: 0px !important;}\u00a0\u00bb]Emily Anderson<br \/>\nWater Survey of Canada[\/vc_column_text][\/vc_column_inner][vc_column_inner width=\u00a0\u00bb1\/5&Prime;][vc_column_text css=\u00a0\u00bb.vc_custom_1623352962527{margin-bottom: 0px !important;}\u00a0\u00bb]Arelia Schoeneberg<br \/>\nPacific Climate Impacts Consortium[\/vc_column_text][\/vc_column_inner][vc_column_inner width=\u00a0\u00bb1\/5&Prime;][vc_column_text css=\u00a0\u00bb.vc_custom_1680712924147{margin-bottom: 0px !important;}\u00a0\u00bb]Richard Arsenault<br \/>\n\u00c9cole de technologie sup\u00e9rieure[\/vc_column_text][\/vc_column_inner][vc_column_inner width=\u00a0\u00bb1\/5&Prime;][vc_column_text css=\u00a0\u00bb.vc_custom_1569941465401{margin-bottom: 0px !important;}\u00a0\u00bb]\n<p>Andre St-Hilaire<br \/>\nInstitut National de la Recherche Scientifique &#8211; Centre Eau, Terre et Environnement[\/vc_column_text][\/vc_column_inner][\/vc_row_inner][\/vc_column][\/vc_row][vc_row][vc_column][vc_empty_space height=\u00a0\u00bb200px\u00a0\u00bb][\/vc_column][\/vc_row]\n<\/div>","protected":false},"excerpt":{"rendered":"<p>[vc_row][vc_column][vc_empty_space][\/vc_column][\/vc_row][vc_row][vc_column][vc_column_text css=\u00a0\u00bb.vc_custom_1587520175370{margin-bottom: 0px !important;}\u00a0\u00bb] Vous avez des questions, des id\u00e9es ou des commentaires ? Veuillez nous envoyer un courriel: cshs \u00e0 cwra.ca [\/vc_column_text][\/vc_column][\/vc_row][vc_row][vc_column][vc_empty_space][\/vc_column][\/vc_row][vc_row][vc_column][vc_column_text css=\u00a0\u00bb.vc_custom_1587520183550{margin-bottom: 0px !important;}\u00a0\u00bb] Vous souhaitez \u00eatre inform\u00e9 des prochains webinaires, ateliers et cours ? [\/vc_column_text][mk_button dimension=\u00a0\u00bbflat\u00a0\u00bb corner_style=\u00a0\u00bbfull_rounded\u00a0\u00bb size=\u00a0\u00bbmedium\u00a0\u00bb url=\u00a0\u00bbhttp:\/\/eepurl.com\/gATuPL\u00a0\u00bb align=\u00a0\u00bbcenter\u00a0\u00bb]Rejoignez notre liste de diffusion[\/mk_button][\/vc_column][\/vc_row][vc_row][vc_column][vc_empty_space][\/vc_column][\/vc_row][vc_row][vc_column][vc_column_text css=\u00a0\u00bb.vc_custom_1621613350723{margin-bottom: 0px !important;}\u00a0\u00bb] Soyez impliqu\u00e9 La SCSH est [&hellip;]<\/p>\n","protected":false},"author":1624,"featured_media":0,"parent":0,"menu_order":0,"comment_status":"closed","ping_status":"closed","template":"","meta":{"_acf_changed":false,"om_disable_all_campaigns":false,"rs_blank_template":"","rs_page_bg_color":"","slide_template_v7":"","_monsterinsights_skip_tracking":false,"_monsterinsights_sitenote_active":false,"_monsterinsights_sitenote_note":"","_monsterinsights_sitenote_category":0,"_uf_show_specific_survey":0,"_uf_disable_surveys":false,"footnotes":""},"class_list":["post-4428","page","type-page","status-publish","hentry"],"aioseo_notices":[],"yoast_head":"<!-- This site is optimized with the Yoast SEO plugin v27.5 - https:\/\/yoast.com\/product\/yoast-seo-wordpress\/ -->\n<title>Contact - Canadian Society for Hydrological Sciences<\/title>\n<meta name=\"robots\" content=\"index, follow, max-snippet:-1, max-image-preview:large, max-video-preview:-1\" \/>\n<link rel=\"canonical\" href=\"https:\/\/cshs.cwra.org\/fr\/contact-2\/\" \/>\n<meta property=\"og:locale\" content=\"fr_FR\" \/>\n<meta property=\"og:type\" content=\"article\" \/>\n<meta property=\"og:title\" content=\"Contact - Canadian Society for Hydrological Sciences\" \/>\n<meta property=\"og:description\" content=\"[vc_row][vc_column][vc_empty_space][\/vc_column][\/vc_row][vc_row][vc_column][vc_column_text css=\u00a0\u00bb.vc_custom_1587520175370{margin-bottom: 0px !important;}\u00a0\u00bb] Vous avez des questions, des id\u00e9es ou des commentaires ? Veuillez nous envoyer un courriel: cshs \u00e0 cwra.ca [\/vc_column_text][\/vc_column][\/vc_row][vc_row][vc_column][vc_empty_space][\/vc_column][\/vc_row][vc_row][vc_column][vc_column_text css=\u00a0\u00bb.vc_custom_1587520183550{margin-bottom: 0px !important;}\u00a0\u00bb] Vous souhaitez \u00eatre inform\u00e9 des prochains webinaires, ateliers et cours ? [\/vc_column_text][mk_button dimension=\u00a0\u00bbflat\u00a0\u00bb corner_style=\u00a0\u00bbfull_rounded\u00a0\u00bb size=\u00a0\u00bbmedium\u00a0\u00bb url=\u00a0\u00bbhttp:\/\/eepurl.com\/gATuPL\u00a0\u00bb align=\u00a0\u00bbcenter\u00a0\u00bb]Rejoignez notre liste de diffusion[\/mk_button][\/vc_column][\/vc_row][vc_row][vc_column][vc_empty_space][\/vc_column][\/vc_row][vc_row][vc_column][vc_column_text css=\u00a0\u00bb.vc_custom_1621613350723{margin-bottom: 0px !important;}\u00a0\u00bb] Soyez impliqu\u00e9 La SCSH est [&hellip;]\" \/>\n<meta property=\"og:url\" content=\"https:\/\/cshs.cwra.org\/fr\/contact-2\/\" \/>\n<meta property=\"og:site_name\" content=\"Canadian Society for Hydrological Sciences\" \/>\n<meta property=\"article:modified_time\" content=\"2023-10-14T01:24:57+00:00\" \/>\n<meta name=\"twitter:card\" content=\"summary_large_image\" \/>\n<meta name=\"twitter:label1\" content=\"Dur\u00e9e de lecture estim\u00e9e\" \/>\n\t<meta name=\"twitter:data1\" content=\"3 minutes\" \/>\n<script type=\"application\/ld+json\" class=\"yoast-schema-graph\">{\"@context\":\"https:\\\/\\\/schema.org\",\"@graph\":[{\"@type\":\"WebPage\",\"@id\":\"https:\\\/\\\/cshs.cwra.org\\\/fr\\\/contact-2\\\/\",\"url\":\"https:\\\/\\\/cshs.cwra.org\\\/fr\\\/contact-2\\\/\",\"name\":\"Contact - Canadian Society for Hydrological Sciences\",\"isPartOf\":{\"@id\":\"https:\\\/\\\/cshs.cwra.org\\\/en\\\/#website\"},\"datePublished\":\"2021-10-20T14:48:39+00:00\",\"dateModified\":\"2023-10-14T01:24:57+00:00\",\"breadcrumb\":{\"@id\":\"https:\\\/\\\/cshs.cwra.org\\\/fr\\\/contact-2\\\/#breadcrumb\"},\"inLanguage\":\"fr-FR\",\"potentialAction\":[{\"@type\":\"ReadAction\",\"target\":[\"https:\\\/\\\/cshs.cwra.org\\\/fr\\\/contact-2\\\/\"]}]},{\"@type\":\"BreadcrumbList\",\"@id\":\"https:\\\/\\\/cshs.cwra.org\\\/fr\\\/contact-2\\\/#breadcrumb\",\"itemListElement\":[{\"@type\":\"ListItem\",\"position\":1,\"name\":\"Home\",\"item\":\"https:\\\/\\\/cshs.cwra.org\\\/fr\\\/\"},{\"@type\":\"ListItem\",\"position\":2,\"name\":\"Contact\"}]},{\"@type\":\"WebSite\",\"@id\":\"https:\\\/\\\/cshs.cwra.org\\\/en\\\/#website\",\"url\":\"https:\\\/\\\/cshs.cwra.org\\\/en\\\/\",\"name\":\"Canadian Society for Hydrological Sciences\",\"description\":\"\",\"potentialAction\":[{\"@type\":\"SearchAction\",\"target\":{\"@type\":\"EntryPoint\",\"urlTemplate\":\"https:\\\/\\\/cshs.cwra.org\\\/en\\\/?s={search_term_string}\"},\"query-input\":{\"@type\":\"PropertyValueSpecification\",\"valueRequired\":true,\"valueName\":\"search_term_string\"}}],\"inLanguage\":\"fr-FR\"}]}<\/script>\n<!-- \/ Yoast SEO plugin. -->","yoast_head_json":{"title":"Contact - Canadian Society for Hydrological Sciences","robots":{"index":"index","follow":"follow","max-snippet":"max-snippet:-1","max-image-preview":"max-image-preview:large","max-video-preview":"max-video-preview:-1"},"canonical":"https:\/\/cshs.cwra.org\/fr\/contact-2\/","og_locale":"fr_FR","og_type":"article","og_title":"Contact - Canadian Society for Hydrological Sciences","og_description":"[vc_row][vc_column][vc_empty_space][\/vc_column][\/vc_row][vc_row][vc_column][vc_column_text css=\u00a0\u00bb.vc_custom_1587520175370{margin-bottom: 0px !important;}\u00a0\u00bb] Vous avez des questions, des id\u00e9es ou des commentaires ? Veuillez nous envoyer un courriel: cshs \u00e0 cwra.ca [\/vc_column_text][\/vc_column][\/vc_row][vc_row][vc_column][vc_empty_space][\/vc_column][\/vc_row][vc_row][vc_column][vc_column_text css=\u00a0\u00bb.vc_custom_1587520183550{margin-bottom: 0px !important;}\u00a0\u00bb] Vous souhaitez \u00eatre inform\u00e9 des prochains webinaires, ateliers et cours ? [\/vc_column_text][mk_button dimension=\u00a0\u00bbflat\u00a0\u00bb corner_style=\u00a0\u00bbfull_rounded\u00a0\u00bb size=\u00a0\u00bbmedium\u00a0\u00bb url=\u00a0\u00bbhttp:\/\/eepurl.com\/gATuPL\u00a0\u00bb align=\u00a0\u00bbcenter\u00a0\u00bb]Rejoignez notre liste de diffusion[\/mk_button][\/vc_column][\/vc_row][vc_row][vc_column][vc_empty_space][\/vc_column][\/vc_row][vc_row][vc_column][vc_column_text css=\u00a0\u00bb.vc_custom_1621613350723{margin-bottom: 0px !important;}\u00a0\u00bb] Soyez impliqu\u00e9 La SCSH est [&hellip;]","og_url":"https:\/\/cshs.cwra.org\/fr\/contact-2\/","og_site_name":"Canadian Society for Hydrological Sciences","article_modified_time":"2023-10-14T01:24:57+00:00","twitter_card":"summary_large_image","twitter_misc":{"Dur\u00e9e de lecture estim\u00e9e":"3 minutes"},"schema":{"@context":"https:\/\/schema.org","@graph":[{"@type":"WebPage","@id":"https:\/\/cshs.cwra.org\/fr\/contact-2\/","url":"https:\/\/cshs.cwra.org\/fr\/contact-2\/","name":"Contact - Canadian Society for Hydrological Sciences","isPartOf":{"@id":"https:\/\/cshs.cwra.org\/en\/#website"},"datePublished":"2021-10-20T14:48:39+00:00","dateModified":"2023-10-14T01:24:57+00:00","breadcrumb":{"@id":"https:\/\/cshs.cwra.org\/fr\/contact-2\/#breadcrumb"},"inLanguage":"fr-FR","potentialAction":[{"@type":"ReadAction","target":["https:\/\/cshs.cwra.org\/fr\/contact-2\/"]}]},{"@type":"BreadcrumbList","@id":"https:\/\/cshs.cwra.org\/fr\/contact-2\/#breadcrumb","itemListElement":[{"@type":"ListItem","position":1,"name":"Home","item":"https:\/\/cshs.cwra.org\/fr\/"},{"@type":"ListItem","position":2,"name":"Contact"}]},{"@type":"WebSite","@id":"https:\/\/cshs.cwra.org\/en\/#website","url":"https:\/\/cshs.cwra.org\/en\/","name":"Canadian Society for Hydrological Sciences","description":"","potentialAction":[{"@type":"SearchAction","target":{"@type":"EntryPoint","urlTemplate":"https:\/\/cshs.cwra.org\/en\/?s={search_term_string}"},"query-input":{"@type":"PropertyValueSpecification","valueRequired":true,"valueName":"search_term_string"}}],"inLanguage":"fr-FR"}]}},"acf":[],"_links":{"self":[{"href":"https:\/\/cshs.cwra.org\/fr\/wp-json\/wp\/v2\/pages\/4428","targetHints":{"allow":["GET"]}}],"collection":[{"href":"https:\/\/cshs.cwra.org\/fr\/wp-json\/wp\/v2\/pages"}],"about":[{"href":"https:\/\/cshs.cwra.org\/fr\/wp-json\/wp\/v2\/types\/page"}],"author":[{"embeddable":true,"href":"https:\/\/cshs.cwra.org\/fr\/wp-json\/wp\/v2\/users\/1624"}],"replies":[{"embeddable":true,"href":"https:\/\/cshs.cwra.org\/fr\/wp-json\/wp\/v2\/comments?post=4428"}],"version-history":[{"count":5,"href":"https:\/\/cshs.cwra.org\/fr\/wp-json\/wp\/v2\/pages\/4428\/revisions"}],"predecessor-version":[{"id":4847,"href":"https:\/\/cshs.cwra.org\/fr\/wp-json\/wp\/v2\/pages\/4428\/revisions\/4847"}],"wp:attachment":[{"href":"https:\/\/cshs.cwra.org\/fr\/wp-json\/wp\/v2\/media?parent=4428"}],"curies":[{"name":"wp","href":"https:\/\/api.w.org\/{rel}","templated":true}]}}