{"id":4436,"date":"2021-10-20T11:02:49","date_gmt":"2021-10-20T15:02:49","guid":{"rendered":"https:\/\/cshs.cwra.org\/titre-professionnel-informations-pour-les-etudiants\/"},"modified":"2023-10-13T21:30:51","modified_gmt":"2023-10-14T01:30:51","slug":"titre-professionnel-informations-pour-les-etudiants","status":"publish","type":"page","link":"https:\/\/cshs.cwra.org\/fr\/titre-professionnel-informations-pour-les-etudiants\/","title":{"rendered":"Programmes d&rsquo;\u00e9tudes li\u00e9s \u00e0 l&rsquo;hydrologie au Canada"},"content":{"rendered":"<div class=\"wpb-content-wrapper\">[vc_row][vc_column][vc_empty_space][\/vc_column][\/vc_row][vc_row][vc_column width=\u00a0\u00bb1\/4&Prime;][vc_widget_sidebar sidebar_id=\u00a0\u00bbsidebar-15&Prime;][\/vc_column][vc_column width=\u00a0\u00bb3\/4&Prime;][vc_column_text css=\u00a0\u00bb.vc_custom_1647440979883{margin-bottom: 0px !important;}\u00a0\u00bb]\n<h2>Programmes d&rsquo;\u00e9tudes li\u00e9s \u00e0 l&rsquo;hydrologie au Canada<\/h2>\n[\/vc_column_text][vc_column_text css=\u00a0\u00bb.vc_custom_1647442325867{margin-bottom: 0px !important;}\u00a0\u00bb]Les hydrologues canadiens proviennent de multiples parcours acad\u00e9miques et il existe de nombreux programmes universitaires au Canada qui offrent des cours en sciences hydrologiques. Ici-bas se trouve une liste des programmes connexes \u00e0 l&rsquo;hydrologie connus dans les \u00e9tablissements d&rsquo;enseignement au Canada. Notez les programmes varient grandement par rapport au degr\u00e9 de couverture des disciplines li\u00e9es \u00e0 l&rsquo;hydrologie, donc cette liste devrait servir de point de d\u00e9part pour vos recherches.<\/p>\n<p>Une consid\u00e9ration importante lors de la s\u00e9lection d&rsquo;un programme d&rsquo;\u00e9tudes est \u00e0 savoir si le dipl\u00f4me m\u00e8ne \u00e0 l&rsquo;obtention d&rsquo;un titre professionnel. Vous pouvez consulter notre <a href=\"https:\/\/cshs.cwra.org\/fr\/titre-professionnel\/\">page sp\u00e9cifique au titre professionnel<\/a> et pourquoi cela pourrait \u00eatre important pour vous. Nous avons \u00e9galement inclus une colonne dans les tableaux ici-bas indiquant le titre professionnel auquel les diplom\u00e9s peuvent aspirer, s&rsquo;il y a lieu.<\/p>\n<p>Cette liste est pr\u00e9sentement en cours de r\u00e9alisation et est le r\u00e9sultat d&rsquo;une collaboration communautaire. Veuillez nous envoyer un courriel (cshs \u00e0 cwra.ca) si vous remarquez un programme manquant \u00e0 la liste et nous l&rsquo;ajouterons d\u00e8s que possible.[\/vc_column_text][vc_column_text css=\u00a0\u00bb.vc_custom_1632929233099{margin-bottom: 0px !important;}\u00a0\u00bb]\n<strong>Programmes de premier cycle et coll\u00e9giaux<\/strong><br \/>\n[\/vc_column_text][vc_raw_html]PGlmcmFtZSBzdHlsZT0iaGVpZ2h0OiA0MDBweDsgd2lkdGg6IDkwMHB4OyIgc3JjPSJodHRwczovL2RvY3MuZ29vZ2xlLmNvbS9zcHJlYWRzaGVldHMvZC9lLzJQQUNYLTF2UUhOUHFUd0hYVWVpS2hfN016ZXFNdnhObTRKSm95cHBmMm12bU1zbm9IeXJMbk9jbEJYRXBtcWV4SHIwRTdENVhsYzRseDlIRmxSWlV2L3B1Ymh0bWw\/Z2lkPTAmYW1wO3JhbmdlPWExOmcxMDAmYW1wO3dpZGdldD1mYWxzZSZhbXA7Y2hyb21lPWZhbHNlJmFtcDtoZWFkZXJzPWZhbHNlIj48L2lmcmFtZT4=[\/vc_raw_html][vc_column_text css=\u00a0\u00bb.vc_custom_1632929273683{margin-bottom: 0px !important;}\u00a0\u00bb]\n<h4>Programmes d&rsquo;\u00e9tudes sup\u00e9rieures<\/h4>\n[\/vc_column_text][vc_raw_html]PGlmcmFtZSBzdHlsZT0iaGVpZ2h0OiA0MDBweDsgd2lkdGg6IDkwMHB4OyIgc3JjPSJodHRwczovL2RvY3MuZ29vZ2xlLmNvbS9zcHJlYWRzaGVldHMvZC9lLzJQQUNYLTF2UUhOUHFUd0hYVWVpS2hfN016ZXFNdnhObTRKSm95cHBmMm12bU1zbm9IeXJMbk9jbEJYRXBtcWV4SHIwRTdENVhsYzRseDlIRmxSWlV2L3B1Ymh0bWw\/Z2lkPTEyMTc5NDc0NzImYW1wO3JhbmdlPWExOmczMCZhbXA7d2lkZ2V0PWZhbHNlJmFtcDtjaHJvbWU9ZmFsc2UmYW1wO2hlYWRlcnM9ZmFsc2UiPjwvaWZyYW1lPg==[\/vc_raw_html][vc_column_text css=\u00a0\u00bb.vc_custom_1666795287514{margin-bottom: 0px !important;}\u00a0\u00bb]* L&rsquo;admissibilit\u00e9 au titre d\u00e9pend de la r\u00e9ussite des cours pr\u00e9alables (il s&rsquo;agit souvent de cours de premier cycle) exig\u00e9s par l&rsquo;organisme de r\u00e9glementation provincial.[\/vc_column_text][\/vc_column][\/vc_row][vc_row][vc_column][vc_empty_space height=\u00a0\u00bb200&Prime;][\/vc_column][\/vc_row][vc_row][vc_column][\/vc_column][\/vc_row]\n<\/div>","protected":false},"excerpt":{"rendered":"<p>[vc_row][vc_column][vc_empty_space][\/vc_column][\/vc_row][vc_row][vc_column width=\u00a0\u00bb1\/4&Prime;][vc_widget_sidebar sidebar_id=\u00a0\u00bbsidebar-15&Prime;][\/vc_column][vc_column width=\u00a0\u00bb3\/4&Prime;][vc_column_text css=\u00a0\u00bb.vc_custom_1647440979883{margin-bottom: 0px !important;}\u00a0\u00bb] Programmes d&rsquo;\u00e9tudes li\u00e9s \u00e0 l&rsquo;hydrologie au Canada [\/vc_column_text][vc_column_text css=\u00a0\u00bb.vc_custom_1647442325867{margin-bottom: 0px !important;}\u00a0\u00bb]Les hydrologues canadiens proviennent de multiples parcours acad\u00e9miques et il existe de nombreux programmes universitaires au Canada qui offrent des cours en sciences hydrologiques. Ici-bas se trouve une liste des programmes connexes \u00e0 l&rsquo;hydrologie connus dans les \u00e9tablissements [&hellip;]<\/p>\n","protected":false},"author":1624,"featured_media":0,"parent":0,"menu_order":0,"comment_status":"closed","ping_status":"closed","template":"","meta":{"_acf_changed":false,"om_disable_all_campaigns":false,"rs_blank_template":"","rs_page_bg_color":"","slide_template_v7":"","_monsterinsights_skip_tracking":false,"_monsterinsights_sitenote_active":false,"_monsterinsights_sitenote_note":"","_monsterinsights_sitenote_category":0,"_uf_show_specific_survey":0,"_uf_disable_surveys":false,"footnotes":""},"class_list":["post-4436","page","type-page","status-publish","hentry"],"aioseo_notices":[],"yoast_head":"<!-- This site is optimized with the Yoast SEO plugin v27.5 - https:\/\/yoast.com\/product\/yoast-seo-wordpress\/ -->\n<title>Programmes d&#039;\u00e9tudes li\u00e9s \u00e0 l&#039;hydrologie au Canada - Canadian Society for Hydrological Sciences<\/title>\n<meta name=\"robots\" content=\"index, follow, max-snippet:-1, max-image-preview:large, max-video-preview:-1\" \/>\n<link rel=\"canonical\" href=\"https:\/\/cshs.cwra.org\/fr\/titre-professionnel-informations-pour-les-etudiants\/\" \/>\n<meta property=\"og:locale\" content=\"fr_FR\" \/>\n<meta property=\"og:type\" content=\"article\" \/>\n<meta property=\"og:title\" content=\"Programmes d&#039;\u00e9tudes li\u00e9s \u00e0 l&#039;hydrologie au Canada - Canadian Society for Hydrological Sciences\" \/>\n<meta property=\"og:description\" content=\"[vc_row][vc_column][vc_empty_space][\/vc_column][\/vc_row][vc_row][vc_column width=\u00a0\u00bb1\/4&Prime;][vc_widget_sidebar sidebar_id=\u00a0\u00bbsidebar-15&Prime;][\/vc_column][vc_column width=\u00a0\u00bb3\/4&Prime;][vc_column_text css=\u00a0\u00bb.vc_custom_1647440979883{margin-bottom: 0px !important;}\u00a0\u00bb] Programmes d&rsquo;\u00e9tudes li\u00e9s \u00e0 l&rsquo;hydrologie au Canada [\/vc_column_text][vc_column_text css=\u00a0\u00bb.vc_custom_1647442325867{margin-bottom: 0px !important;}\u00a0\u00bb]Les hydrologues canadiens proviennent de multiples parcours acad\u00e9miques et il existe de nombreux programmes universitaires au Canada qui offrent des cours en sciences hydrologiques. Ici-bas se trouve une liste des programmes connexes \u00e0 l&rsquo;hydrologie connus dans les \u00e9tablissements [&hellip;]\" \/>\n<meta property=\"og:url\" content=\"https:\/\/cshs.cwra.org\/fr\/titre-professionnel-informations-pour-les-etudiants\/\" \/>\n<meta property=\"og:site_name\" content=\"Canadian Society for Hydrological Sciences\" \/>\n<meta property=\"article:modified_time\" content=\"2023-10-14T01:30:51+00:00\" \/>\n<meta name=\"twitter:card\" content=\"summary_large_image\" \/>\n<meta name=\"twitter:label1\" content=\"Dur\u00e9e de lecture estim\u00e9e\" \/>\n\t<meta name=\"twitter:data1\" content=\"2 minutes\" \/>\n<script type=\"application\/ld+json\" class=\"yoast-schema-graph\">{\"@context\":\"https:\\\/\\\/schema.org\",\"@graph\":[{\"@type\":\"WebPage\",\"@id\":\"https:\\\/\\\/cshs.cwra.org\\\/fr\\\/titre-professionnel-informations-pour-les-etudiants\\\/\",\"url\":\"https:\\\/\\\/cshs.cwra.org\\\/fr\\\/titre-professionnel-informations-pour-les-etudiants\\\/\",\"name\":\"Programmes d'\u00e9tudes li\u00e9s \u00e0 l'hydrologie au Canada - Canadian Society for Hydrological Sciences\",\"isPartOf\":{\"@id\":\"https:\\\/\\\/cshs.cwra.org\\\/en\\\/#website\"},\"datePublished\":\"2021-10-20T15:02:49+00:00\",\"dateModified\":\"2023-10-14T01:30:51+00:00\",\"breadcrumb\":{\"@id\":\"https:\\\/\\\/cshs.cwra.org\\\/fr\\\/titre-professionnel-informations-pour-les-etudiants\\\/#breadcrumb\"},\"inLanguage\":\"fr-FR\",\"potentialAction\":[{\"@type\":\"ReadAction\",\"target\":[\"https:\\\/\\\/cshs.cwra.org\\\/fr\\\/titre-professionnel-informations-pour-les-etudiants\\\/\"]}]},{\"@type\":\"BreadcrumbList\",\"@id\":\"https:\\\/\\\/cshs.cwra.org\\\/fr\\\/titre-professionnel-informations-pour-les-etudiants\\\/#breadcrumb\",\"itemListElement\":[{\"@type\":\"ListItem\",\"position\":1,\"name\":\"Home\",\"item\":\"https:\\\/\\\/cshs.cwra.org\\\/fr\\\/\"},{\"@type\":\"ListItem\",\"position\":2,\"name\":\"Programmes d&rsquo;\u00e9tudes li\u00e9s \u00e0 l&rsquo;hydrologie au Canada\"}]},{\"@type\":\"WebSite\",\"@id\":\"https:\\\/\\\/cshs.cwra.org\\\/en\\\/#website\",\"url\":\"https:\\\/\\\/cshs.cwra.org\\\/en\\\/\",\"name\":\"Canadian Society for Hydrological Sciences\",\"description\":\"\",\"potentialAction\":[{\"@type\":\"SearchAction\",\"target\":{\"@type\":\"EntryPoint\",\"urlTemplate\":\"https:\\\/\\\/cshs.cwra.org\\\/en\\\/?s={search_term_string}\"},\"query-input\":{\"@type\":\"PropertyValueSpecification\",\"valueRequired\":true,\"valueName\":\"search_term_string\"}}],\"inLanguage\":\"fr-FR\"}]}<\/script>\n<!-- \/ Yoast SEO plugin. -->","yoast_head_json":{"title":"Programmes d'\u00e9tudes li\u00e9s \u00e0 l'hydrologie au Canada - Canadian Society for Hydrological Sciences","robots":{"index":"index","follow":"follow","max-snippet":"max-snippet:-1","max-image-preview":"max-image-preview:large","max-video-preview":"max-video-preview:-1"},"canonical":"https:\/\/cshs.cwra.org\/fr\/titre-professionnel-informations-pour-les-etudiants\/","og_locale":"fr_FR","og_type":"article","og_title":"Programmes d'\u00e9tudes li\u00e9s \u00e0 l'hydrologie au Canada - Canadian Society for Hydrological Sciences","og_description":"[vc_row][vc_column][vc_empty_space][\/vc_column][\/vc_row][vc_row][vc_column width=\u00a0\u00bb1\/4&Prime;][vc_widget_sidebar sidebar_id=\u00a0\u00bbsidebar-15&Prime;][\/vc_column][vc_column width=\u00a0\u00bb3\/4&Prime;][vc_column_text css=\u00a0\u00bb.vc_custom_1647440979883{margin-bottom: 0px !important;}\u00a0\u00bb] Programmes d&rsquo;\u00e9tudes li\u00e9s \u00e0 l&rsquo;hydrologie au Canada [\/vc_column_text][vc_column_text css=\u00a0\u00bb.vc_custom_1647442325867{margin-bottom: 0px !important;}\u00a0\u00bb]Les hydrologues canadiens proviennent de multiples parcours acad\u00e9miques et il existe de nombreux programmes universitaires au Canada qui offrent des cours en sciences hydrologiques. Ici-bas se trouve une liste des programmes connexes \u00e0 l&rsquo;hydrologie connus dans les \u00e9tablissements [&hellip;]","og_url":"https:\/\/cshs.cwra.org\/fr\/titre-professionnel-informations-pour-les-etudiants\/","og_site_name":"Canadian Society for Hydrological Sciences","article_modified_time":"2023-10-14T01:30:51+00:00","twitter_card":"summary_large_image","twitter_misc":{"Dur\u00e9e de lecture estim\u00e9e":"2 minutes"},"schema":{"@context":"https:\/\/schema.org","@graph":[{"@type":"WebPage","@id":"https:\/\/cshs.cwra.org\/fr\/titre-professionnel-informations-pour-les-etudiants\/","url":"https:\/\/cshs.cwra.org\/fr\/titre-professionnel-informations-pour-les-etudiants\/","name":"Programmes d'\u00e9tudes li\u00e9s \u00e0 l'hydrologie au Canada - Canadian Society for Hydrological Sciences","isPartOf":{"@id":"https:\/\/cshs.cwra.org\/en\/#website"},"datePublished":"2021-10-20T15:02:49+00:00","dateModified":"2023-10-14T01:30:51+00:00","breadcrumb":{"@id":"https:\/\/cshs.cwra.org\/fr\/titre-professionnel-informations-pour-les-etudiants\/#breadcrumb"},"inLanguage":"fr-FR","potentialAction":[{"@type":"ReadAction","target":["https:\/\/cshs.cwra.org\/fr\/titre-professionnel-informations-pour-les-etudiants\/"]}]},{"@type":"BreadcrumbList","@id":"https:\/\/cshs.cwra.org\/fr\/titre-professionnel-informations-pour-les-etudiants\/#breadcrumb","itemListElement":[{"@type":"ListItem","position":1,"name":"Home","item":"https:\/\/cshs.cwra.org\/fr\/"},{"@type":"ListItem","position":2,"name":"Programmes d&rsquo;\u00e9tudes li\u00e9s \u00e0 l&rsquo;hydrologie au Canada"}]},{"@type":"WebSite","@id":"https:\/\/cshs.cwra.org\/en\/#website","url":"https:\/\/cshs.cwra.org\/en\/","name":"Canadian Society for Hydrological Sciences","description":"","potentialAction":[{"@type":"SearchAction","target":{"@type":"EntryPoint","urlTemplate":"https:\/\/cshs.cwra.org\/en\/?s={search_term_string}"},"query-input":{"@type":"PropertyValueSpecification","valueRequired":true,"valueName":"search_term_string"}}],"inLanguage":"fr-FR"}]}},"acf":[],"_links":{"self":[{"href":"https:\/\/cshs.cwra.org\/fr\/wp-json\/wp\/v2\/pages\/4436","targetHints":{"allow":["GET"]}}],"collection":[{"href":"https:\/\/cshs.cwra.org\/fr\/wp-json\/wp\/v2\/pages"}],"about":[{"href":"https:\/\/cshs.cwra.org\/fr\/wp-json\/wp\/v2\/types\/page"}],"author":[{"embeddable":true,"href":"https:\/\/cshs.cwra.org\/fr\/wp-json\/wp\/v2\/users\/1624"}],"replies":[{"embeddable":true,"href":"https:\/\/cshs.cwra.org\/fr\/wp-json\/wp\/v2\/comments?post=4436"}],"version-history":[{"count":5,"href":"https:\/\/cshs.cwra.org\/fr\/wp-json\/wp\/v2\/pages\/4436\/revisions"}],"predecessor-version":[{"id":4852,"href":"https:\/\/cshs.cwra.org\/fr\/wp-json\/wp\/v2\/pages\/4436\/revisions\/4852"}],"wp:attachment":[{"href":"https:\/\/cshs.cwra.org\/fr\/wp-json\/wp\/v2\/media?parent=4436"}],"curies":[{"name":"wp","href":"https:\/\/api.w.org\/{rel}","templated":true}]}}