{"id":4439,"date":"2021-10-20T11:09:10","date_gmt":"2021-10-20T15:09:10","guid":{"rendered":"https:\/\/cshs.cwra.org\/titre-professionnel\/"},"modified":"2021-11-30T09:39:26","modified_gmt":"2021-11-30T14:39:26","slug":"titre-professionnel","status":"publish","type":"page","link":"https:\/\/cshs.cwra.org\/fr\/titre-professionnel\/","title":{"rendered":"Titre professionnel"},"content":{"rendered":"<div class=\"wpb-content-wrapper\">[vc_row][vc_column][vc_empty_space][\/vc_column][\/vc_row][vc_row][vc_column width=\u00a0\u00bb1\/4&Prime;][vc_widget_sidebar sidebar_id=\u00a0\u00bbsidebar-15&Prime;][\/vc_column][vc_column width=\u00a0\u00bb3\/4&Prime;][vc_column_text css=\u00a0\u00bb.vc_custom_1638282838404{margin-bottom: 0px !important;}\u00a0\u00bb]\n<h2>Titre Professionnel<\/h2>\n<h3>Qu&rsquo;est-ce qu&rsquo;un titre professionnel?<\/h3>\n<p>Un titre professionnel d\u00e9montre que vous \u00eates membre d&rsquo;un groupe professionnel qui a conclu un accord avec les gouvernements provinciaux pour r\u00e9glementer officiellement les activit\u00e9s de leurs membres et d\u00e9livrer des licences aux professionnels de leurs professions respectives. La valeur de l&rsquo;autor\u00e9glementation refl\u00e8te le fait que le travail des professionnels est sp\u00e9cialis\u00e9 et mieux g\u00e9r\u00e9 par la communaut\u00e9 des professionnels en exercice. Les organismes de r\u00e9glementation professionnelle s&rsquo;efforcent d&rsquo;\u00e9tablir et de maintenir des normes acad\u00e9miques \u00e9lev\u00e9es, une exp\u00e9rience pertinente et des normes de pratique professionnelle. Ces normes servent \u00e0 prot\u00e9ger la sant\u00e9, la s\u00e9curit\u00e9 et le bien-\u00eatre du public.<\/p>\n<h3>Existe-t-il un titre d&rsquo;hydrologue professionnel au Canada ?<\/h3>\n<p>Non, il n&rsquo;en existe pas.<\/p>\n<h3>Les hydrologues ont-ils un titre professionnel ?<\/h3>\n<p>Certains hydrologues poss\u00e8dent ces d\u00e9signations, d&rsquo;autres non. Au Canada, les hydrologues n&rsquo;ont pas de titre professionnel sp\u00e9cifique qui couvre l&rsquo;\u00e9ventail des comp\u00e9tences sous-jacentes \u00e0 la pratique de l&rsquo;hydrologie. Les titres professionnels actuels au Canada qui exigent un certain niveau d&rsquo;expertise en hydrologie sont les suivants : g\u00e9oscientifique professionnel (P.Geo.), ing\u00e9nieur professionnel (P.Eng. \/ Ing.), agrologue professionnel (P.Ag.), forestier professionnel agr\u00e9\u00e9 (R.P.F.), bilogiste professionnel (P.Biol) et praticien de l&rsquo;environnement (E.P.).<\/p>\n<h3>Quel est l&rsquo;avantage d&rsquo;un titre professionnel ?<\/h3>\n<p>Un titre professionnel d\u00e9montre aux employeurs et aux clients qu&rsquo;une personne r\u00e9pond aux exigences de sa profession en mati\u00e8re de connaissances, de comp\u00e9tences, de normes de pratique et d&rsquo;\u00e9thique. Les titres professionnels peuvent souvent \u00eatre une condition d&#8217;embauche pour certains postes.<\/p>\n<h3>Comment obtenir un titre professionnel ?<\/h3>\n<p>Au Canada, les conditions d&rsquo;admissibilit\u00e9 sont fix\u00e9es par l&rsquo;organisme de r\u00e9glementation provincial et comprennent g\u00e9n\u00e9ralement des comp\u00e9tences universitaires de base, des examens techniques, une exp\u00e9rience professionnelle et une connaissance du droit et de l&rsquo;\u00e9thique.<\/p>\n<h3>O\u00f9 puis-je trouver plus d&rsquo;information ?<\/h3>\n<p>La SCSH a explor\u00e9 la possibilit\u00e9 de cr\u00e9er un titre professionnel d&rsquo;hydrologue (P. Hydro.) et a d\u00e9cid\u00e9 de ne pas poursuivre la cr\u00e9ation de ce titre (<span class=\"Y2IQFc\" lang=\"fr\"><a href=\"https:\/\/drive.google.com\/file\/d\/1IKVhAxIRhkOF-xVnW2ok8Y3D_4nUX-2m\/view?usp=sharing\">m\u00e9mo<\/a>)<\/span>. Le <a href=\"https:\/\/drive.google.com\/file\/d\/1UuPbOanegE_pxxu6k2WUryQSQpgtv3si\/view?usp=sharing\">rapport de la SCSH sur les titres professionnels<\/a> d\u00e9taille les titres professionnels li\u00e9s \u00e0 l&rsquo;hydrologie au Canada (voir le tableau 3-1). Cette page Web vise \u00e0 fournir des renseignements sur les titres professionnels aux \u00e9tudiants en hydrologie et aux \u00e9tablissements d&rsquo;enseignement offrant des cours et des programmes en sciences hydrologiques.[\/vc_column_text][mk_button_gradient size=\u00a0\u00bbmedium\u00a0\u00bb corner_style=\u00a0\u00bbrounded\u00a0\u00bb grandient_color_from=\u00a0\u00bb#1e73be\u00a0\u00bb grandient_color_to=\u00a0\u00bb#1e73be\u00a0\u00bb url=\u00a0\u00bbhttps:\/\/drive.google.com\/file\/d\/1IKVhAxIRhkOF-xVnW2ok8Y3D_4nUX-2m\/view?usp=sharing\u00a0\u00bb target=\u00a0\u00bb_blank\u00a0\u00bb]SCSH Memo &#8211; Oct 2020 (Anglais)[\/mk_button_gradient][mk_button_gradient size=\u00a0\u00bbmedium\u00a0\u00bb corner_style=\u00a0\u00bbrounded\u00a0\u00bb grandient_color_from=\u00a0\u00bb#1e73be\u00a0\u00bb grandient_color_to=\u00a0\u00bb#1e73be\u00a0\u00bb url=\u00a0\u00bbhttps:\/\/drive.google.com\/file\/d\/1UuPbOanegE_pxxu6k2WUryQSQpgtv3si\/view?usp=sharing\u00a0\u00bb target=\u00a0\u00bb_blank\u00a0\u00bb]Rapport de la SCSH sur les Titres Professionnels (Anglais)[\/mk_button_gradient][mk_button_gradient size=\u00a0\u00bbmedium\u00a0\u00bb corner_style=\u00a0\u00bbrounded\u00a0\u00bb grandient_color_from=\u00a0\u00bb#1e73be\u00a0\u00bb grandient_color_to=\u00a0\u00bb#1e73be\u00a0\u00bb url=\u00a0\u00bbhttps:\/\/cshs.cwra.org\/courses\/professionaldesignationstudents\/\u00a0\u00bb]Plus d&rsquo;informations pour les \u00e9tudiants[\/mk_button_gradient][mk_button_gradient size=\u00a0\u00bbmedium\u00a0\u00bb corner_style=\u00a0\u00bbrounded\u00a0\u00bb grandient_color_from=\u00a0\u00bb#1e73be\u00a0\u00bb grandient_color_to=\u00a0\u00bb#1e73be\u00a0\u00bb url=\u00a0\u00bbhttps:\/\/cshs.cwra.org\/courses\/professionaldesignationacademicinstitutions\/\u00a0\u00bb]Plus d&rsquo;informations pour les \u00e9tablissements d&rsquo;enseignement[\/mk_button_gradient][\/vc_column][\/vc_row][vc_row][vc_column][vc_empty_space height=\u00a0\u00bb200px\u00a0\u00bb][\/vc_column][\/vc_row][vc_row][vc_column][\/vc_column][\/vc_row][vc_row][vc_column][\/vc_column][\/vc_row]\n<\/div>","protected":false},"excerpt":{"rendered":"<p>[vc_row][vc_column][vc_empty_space][\/vc_column][\/vc_row][vc_row][vc_column width=\u00a0\u00bb1\/4&Prime;][vc_widget_sidebar sidebar_id=\u00a0\u00bbsidebar-15&Prime;][\/vc_column][vc_column width=\u00a0\u00bb3\/4&Prime;][vc_column_text css=\u00a0\u00bb.vc_custom_1638282838404{margin-bottom: 0px !important;}\u00a0\u00bb] Titre Professionnel Qu&rsquo;est-ce qu&rsquo;un titre professionnel? Un titre professionnel d\u00e9montre que vous \u00eates membre d&rsquo;un groupe professionnel qui a conclu un accord avec les gouvernements provinciaux pour r\u00e9glementer officiellement les activit\u00e9s de leurs membres et d\u00e9livrer des licences aux professionnels de leurs professions respectives. La valeur de l&rsquo;autor\u00e9glementation [&hellip;]<\/p>\n","protected":false},"author":1624,"featured_media":0,"parent":0,"menu_order":0,"comment_status":"closed","ping_status":"closed","template":"","meta":{"_acf_changed":false,"om_disable_all_campaigns":false,"rs_blank_template":"","rs_page_bg_color":"","slide_template_v7":"","_monsterinsights_skip_tracking":false,"_monsterinsights_sitenote_active":false,"_monsterinsights_sitenote_note":"","_monsterinsights_sitenote_category":0,"_uf_show_specific_survey":0,"_uf_disable_surveys":false,"footnotes":""},"class_list":["post-4439","page","type-page","status-publish","hentry"],"aioseo_notices":[],"yoast_head":"<!-- This site is optimized with the Yoast SEO plugin v27.5 - https:\/\/yoast.com\/product\/yoast-seo-wordpress\/ -->\n<title>Titre professionnel - Canadian Society for Hydrological Sciences<\/title>\n<meta name=\"robots\" content=\"index, follow, max-snippet:-1, max-image-preview:large, max-video-preview:-1\" \/>\n<link rel=\"canonical\" href=\"https:\/\/cshs.cwra.org\/fr\/titre-professionnel\/\" \/>\n<meta property=\"og:locale\" content=\"fr_FR\" \/>\n<meta property=\"og:type\" content=\"article\" \/>\n<meta property=\"og:title\" content=\"Titre professionnel - Canadian Society for Hydrological Sciences\" \/>\n<meta property=\"og:description\" content=\"[vc_row][vc_column][vc_empty_space][\/vc_column][\/vc_row][vc_row][vc_column width=\u00a0\u00bb1\/4&Prime;][vc_widget_sidebar sidebar_id=\u00a0\u00bbsidebar-15&Prime;][\/vc_column][vc_column width=\u00a0\u00bb3\/4&Prime;][vc_column_text css=\u00a0\u00bb.vc_custom_1638282838404{margin-bottom: 0px !important;}\u00a0\u00bb] Titre Professionnel Qu&rsquo;est-ce qu&rsquo;un titre professionnel? Un titre professionnel d\u00e9montre que vous \u00eates membre d&rsquo;un groupe professionnel qui a conclu un accord avec les gouvernements provinciaux pour r\u00e9glementer officiellement les activit\u00e9s de leurs membres et d\u00e9livrer des licences aux professionnels de leurs professions respectives. La valeur de l&rsquo;autor\u00e9glementation [&hellip;]\" \/>\n<meta property=\"og:url\" content=\"https:\/\/cshs.cwra.org\/fr\/titre-professionnel\/\" \/>\n<meta property=\"og:site_name\" content=\"Canadian Society for Hydrological Sciences\" \/>\n<meta property=\"article:modified_time\" content=\"2021-11-30T14:39:26+00:00\" \/>\n<meta name=\"twitter:card\" content=\"summary_large_image\" \/>\n<meta name=\"twitter:label1\" content=\"Dur\u00e9e de lecture estim\u00e9e\" \/>\n\t<meta name=\"twitter:data1\" content=\"3 minutes\" \/>\n<script type=\"application\/ld+json\" class=\"yoast-schema-graph\">{\"@context\":\"https:\\\/\\\/schema.org\",\"@graph\":[{\"@type\":\"WebPage\",\"@id\":\"https:\\\/\\\/cshs.cwra.org\\\/fr\\\/titre-professionnel\\\/\",\"url\":\"https:\\\/\\\/cshs.cwra.org\\\/fr\\\/titre-professionnel\\\/\",\"name\":\"Titre professionnel - Canadian Society for Hydrological Sciences\",\"isPartOf\":{\"@id\":\"https:\\\/\\\/cshs.cwra.org\\\/en\\\/#website\"},\"datePublished\":\"2021-10-20T15:09:10+00:00\",\"dateModified\":\"2021-11-30T14:39:26+00:00\",\"breadcrumb\":{\"@id\":\"https:\\\/\\\/cshs.cwra.org\\\/fr\\\/titre-professionnel\\\/#breadcrumb\"},\"inLanguage\":\"fr-FR\",\"potentialAction\":[{\"@type\":\"ReadAction\",\"target\":[\"https:\\\/\\\/cshs.cwra.org\\\/fr\\\/titre-professionnel\\\/\"]}]},{\"@type\":\"BreadcrumbList\",\"@id\":\"https:\\\/\\\/cshs.cwra.org\\\/fr\\\/titre-professionnel\\\/#breadcrumb\",\"itemListElement\":[{\"@type\":\"ListItem\",\"position\":1,\"name\":\"Home\",\"item\":\"https:\\\/\\\/cshs.cwra.org\\\/fr\\\/\"},{\"@type\":\"ListItem\",\"position\":2,\"name\":\"Titre professionnel\"}]},{\"@type\":\"WebSite\",\"@id\":\"https:\\\/\\\/cshs.cwra.org\\\/en\\\/#website\",\"url\":\"https:\\\/\\\/cshs.cwra.org\\\/en\\\/\",\"name\":\"Canadian Society for Hydrological Sciences\",\"description\":\"\",\"potentialAction\":[{\"@type\":\"SearchAction\",\"target\":{\"@type\":\"EntryPoint\",\"urlTemplate\":\"https:\\\/\\\/cshs.cwra.org\\\/en\\\/?s={search_term_string}\"},\"query-input\":{\"@type\":\"PropertyValueSpecification\",\"valueRequired\":true,\"valueName\":\"search_term_string\"}}],\"inLanguage\":\"fr-FR\"}]}<\/script>\n<!-- \/ Yoast SEO plugin. -->","yoast_head_json":{"title":"Titre professionnel - Canadian Society for Hydrological Sciences","robots":{"index":"index","follow":"follow","max-snippet":"max-snippet:-1","max-image-preview":"max-image-preview:large","max-video-preview":"max-video-preview:-1"},"canonical":"https:\/\/cshs.cwra.org\/fr\/titre-professionnel\/","og_locale":"fr_FR","og_type":"article","og_title":"Titre professionnel - Canadian Society for Hydrological Sciences","og_description":"[vc_row][vc_column][vc_empty_space][\/vc_column][\/vc_row][vc_row][vc_column width=\u00a0\u00bb1\/4&Prime;][vc_widget_sidebar sidebar_id=\u00a0\u00bbsidebar-15&Prime;][\/vc_column][vc_column width=\u00a0\u00bb3\/4&Prime;][vc_column_text css=\u00a0\u00bb.vc_custom_1638282838404{margin-bottom: 0px !important;}\u00a0\u00bb] Titre Professionnel Qu&rsquo;est-ce qu&rsquo;un titre professionnel? Un titre professionnel d\u00e9montre que vous \u00eates membre d&rsquo;un groupe professionnel qui a conclu un accord avec les gouvernements provinciaux pour r\u00e9glementer officiellement les activit\u00e9s de leurs membres et d\u00e9livrer des licences aux professionnels de leurs professions respectives. La valeur de l&rsquo;autor\u00e9glementation [&hellip;]","og_url":"https:\/\/cshs.cwra.org\/fr\/titre-professionnel\/","og_site_name":"Canadian Society for Hydrological Sciences","article_modified_time":"2021-11-30T14:39:26+00:00","twitter_card":"summary_large_image","twitter_misc":{"Dur\u00e9e de lecture estim\u00e9e":"3 minutes"},"schema":{"@context":"https:\/\/schema.org","@graph":[{"@type":"WebPage","@id":"https:\/\/cshs.cwra.org\/fr\/titre-professionnel\/","url":"https:\/\/cshs.cwra.org\/fr\/titre-professionnel\/","name":"Titre professionnel - Canadian Society for Hydrological Sciences","isPartOf":{"@id":"https:\/\/cshs.cwra.org\/en\/#website"},"datePublished":"2021-10-20T15:09:10+00:00","dateModified":"2021-11-30T14:39:26+00:00","breadcrumb":{"@id":"https:\/\/cshs.cwra.org\/fr\/titre-professionnel\/#breadcrumb"},"inLanguage":"fr-FR","potentialAction":[{"@type":"ReadAction","target":["https:\/\/cshs.cwra.org\/fr\/titre-professionnel\/"]}]},{"@type":"BreadcrumbList","@id":"https:\/\/cshs.cwra.org\/fr\/titre-professionnel\/#breadcrumb","itemListElement":[{"@type":"ListItem","position":1,"name":"Home","item":"https:\/\/cshs.cwra.org\/fr\/"},{"@type":"ListItem","position":2,"name":"Titre professionnel"}]},{"@type":"WebSite","@id":"https:\/\/cshs.cwra.org\/en\/#website","url":"https:\/\/cshs.cwra.org\/en\/","name":"Canadian Society for Hydrological Sciences","description":"","potentialAction":[{"@type":"SearchAction","target":{"@type":"EntryPoint","urlTemplate":"https:\/\/cshs.cwra.org\/en\/?s={search_term_string}"},"query-input":{"@type":"PropertyValueSpecification","valueRequired":true,"valueName":"search_term_string"}}],"inLanguage":"fr-FR"}]}},"acf":[],"_links":{"self":[{"href":"https:\/\/cshs.cwra.org\/fr\/wp-json\/wp\/v2\/pages\/4439","targetHints":{"allow":["GET"]}}],"collection":[{"href":"https:\/\/cshs.cwra.org\/fr\/wp-json\/wp\/v2\/pages"}],"about":[{"href":"https:\/\/cshs.cwra.org\/fr\/wp-json\/wp\/v2\/types\/page"}],"author":[{"embeddable":true,"href":"https:\/\/cshs.cwra.org\/fr\/wp-json\/wp\/v2\/users\/1624"}],"replies":[{"embeddable":true,"href":"https:\/\/cshs.cwra.org\/fr\/wp-json\/wp\/v2\/comments?post=4439"}],"version-history":[{"count":4,"href":"https:\/\/cshs.cwra.org\/fr\/wp-json\/wp\/v2\/pages\/4439\/revisions"}],"predecessor-version":[{"id":4528,"href":"https:\/\/cshs.cwra.org\/fr\/wp-json\/wp\/v2\/pages\/4439\/revisions\/4528"}],"wp:attachment":[{"href":"https:\/\/cshs.cwra.org\/fr\/wp-json\/wp\/v2\/media?parent=4439"}],"curies":[{"name":"wp","href":"https:\/\/api.w.org\/{rel}","templated":true}]}}